{"id":2,"date":"2019-11-05T20:57:17","date_gmt":"2019-11-05T19:57:17","guid":{"rendered":"http:\/\/masterrent.pl\/?page_id=2"},"modified":"2022-05-30T20:35:24","modified_gmt":"2022-05-30T18:35:24","slug":"page-d-exemple","status":"publish","type":"page","link":"https:\/\/masterrent.pl\/","title":{"rendered":"Strona g\u0142\u00f3wna"},"content":{"rendered":"\t\t<div data-elementor-type=\"wp-page\" data-elementor-id=\"2\" class=\"elementor elementor-2\">\n\t\t\t\t\t\t<div class=\"elementor-inner\">\n\t\t\t\t<div class=\"elementor-section-wrap\">\n\t\t\t\t\t\t\t\t\t<section class=\"elementor-section elementor-top-section elementor-element elementor-element-564e842 elementor-section-boxed elementor-section-height-default elementor-section-height-default\" data-id=\"564e842\" data-element_type=\"section\">\n\t\t\t\t\t\t<div class=\"elementor-container elementor-column-gap-default\">\n\t\t\t\t\t\t\t<div class=\"elementor-row\">\n\t\t\t\t\t<div class=\"elementor-column elementor-col-100 elementor-top-column elementor-element elementor-element-212548d\" data-id=\"212548d\" data-element_type=\"column\">\n\t\t\t<div class=\"elementor-column-wrap elementor-element-populated\">\n\t\t\t\t\t\t\t<div class=\"elementor-widget-wrap\">\n\t\t\t\t\t\t<div class=\"elementor-element elementor-element-f622cd5 elementor-widget elementor-widget-text-editor\" data-id=\"f622cd5\" data-element_type=\"widget\" data-widget_type=\"text-editor.default\">\n\t\t\t\t<div class=\"elementor-widget-container\">\n\t\t\t\t\t\t\t\t<div class=\"elementor-text-editor elementor-clearfix\">\n\t\t\t\t<p>Wypo\u017cyczalnia sprz\u0119tu budowlanego MasterRent oferuje wynajem osuszaczy powietrza, \nnagrzewnic, wentylator\u00f3w, rusztowa\u0144 aluminiowych, drabin, koszy \nzsypowych do gruzu oraz ogrodze\u0144 budowlanych. Jeste\u015bmy pr\u0119\u017cnie rozwijaj\u0105c\u0105 si\u0119 firm\u0105 z polskim kapita\u0142em dzia\u0142aj\u0105c\u0105 na terenie Dolnego \u015al\u0105ska. Posiadamy ponad dziesi\u0119cioletnie do\u015bwiadczenie w bran\u017cy wynajmu sprz\u0119tu budowlanego, dzi\u0119ki czemu fachowo pomo\u017cemy w doborze sprz\u0119tu tak aby zaoszcz\u0119dzi\u0107 czas, energi\u0119 oraz ograniczy\u0107 koszty. Dysponujemy now\u0105 flot\u0105 sprz\u0119tu renomowanych producent\u00f3w. Oferujemy kompleksow\u0105 obs\u0142ug\u0119 od odpowiedniego doboru sprz\u0119tu, poprzez transport, monta\u017c a\u017c po odbiory techniczne. Indywidualne podej\u015bcie do ka\u017cdego klienta oraz mi\u0142a i fachowa obs\u0142uga sprawia i\u017c stale przybywa nam zadowolonych klient\u00f3w.<\/p>\t\t\t\t\t<\/div>\n\t\t\t\t\t\t<\/div>\n\t\t\t\t<\/div>\n\t\t\t\t\t\t<\/div>\n\t\t\t\t\t<\/div>\n\t\t<\/div>\n\t\t\t\t\t\t\t\t<\/div>\n\t\t\t\t\t<\/div>\n\t\t<\/section>\n\t\t\t\t<section class=\"elementor-section elementor-top-section elementor-element elementor-element-485a700 elementor-section-boxed elementor-section-height-default elementor-section-height-default\" data-id=\"485a700\" data-element_type=\"section\">\n\t\t\t\t\t\t<div class=\"elementor-container elementor-column-gap-default\">\n\t\t\t\t\t\t\t<div class=\"elementor-row\">\n\t\t\t\t\t<div class=\"elementor-column elementor-col-100 elementor-top-column elementor-element elementor-element-14751f2\" data-id=\"14751f2\" data-element_type=\"column\">\n\t\t\t<div class=\"elementor-column-wrap elementor-element-populated\">\n\t\t\t\t\t\t\t<div class=\"elementor-widget-wrap\">\n\t\t\t\t\t\t<div class=\"elementor-element elementor-element-f65a87b elementor-widget elementor-widget-spacer\" data-id=\"f65a87b\" data-element_type=\"widget\" data-widget_type=\"spacer.default\">\n\t\t\t\t<div class=\"elementor-widget-container\">\n\t\t\t\t\t<div class=\"elementor-spacer\">\n\t\t\t<div class=\"elementor-spacer-inner\"><\/div>\n\t\t<\/div>\n\t\t\t\t<\/div>\n\t\t\t\t<\/div>\n\t\t\t\t\t\t<\/div>\n\t\t\t\t\t<\/div>\n\t\t<\/div>\n\t\t\t\t\t\t\t\t<\/div>\n\t\t\t\t\t<\/div>\n\t\t<\/section>\n\t\t\t\t\t\t\t\t\t<\/div>\n\t\t\t<\/div>\n\t\t\t\t\t<\/div>\n\t\t","protected":false},"excerpt":{"rendered":"<p>Wypo\u017cyczalnia sprz\u0119tu budowlanego MasterRent oferuje wynajem osuszaczy powietrza, nagrzewnic, wentylator\u00f3w, rusztowa\u0144 aluminiowych, drabin, koszy zsypowych do gruzu oraz ogrodze\u0144 budowlanych. Jeste\u015bmy pr\u0119\u017cnie rozwijaj\u0105c\u0105 si\u0119 firm\u0105 z polskim kapita\u0142em dzia\u0142aj\u0105c\u0105 na terenie Dolnego \u015al\u0105ska. Posiadamy ponad dziesi\u0119cioletnie do\u015bwiadczenie w bran\u017cy wynajmu sprz\u0119tu budowlanego, dzi\u0119ki czemu fachowo pomo\u017cemy w doborze sprz\u0119tu tak aby zaoszcz\u0119dzi\u0107 czas, energi\u0119 oraz &hellip; <a href=\"https:\/\/masterrent.pl\/\" class=\"more-link\">Czytaj dalej<span class=\"screen-reader-text\"> \u201eStrona g\u0142\u00f3wna\u201d<\/span><\/a><\/p>\n","protected":false},"author":1,"featured_media":0,"parent":0,"menu_order":0,"comment_status":"closed","ping_status":"open","template":"","meta":[],"_links":{"self":[{"href":"https:\/\/masterrent.pl\/index.php?rest_route=\/wp\/v2\/pages\/2"}],"collection":[{"href":"https:\/\/masterrent.pl\/index.php?rest_route=\/wp\/v2\/pages"}],"about":[{"href":"https:\/\/masterrent.pl\/index.php?rest_route=\/wp\/v2\/types\/page"}],"author":[{"embeddable":true,"href":"https:\/\/masterrent.pl\/index.php?rest_route=\/wp\/v2\/users\/1"}],"replies":[{"embeddable":true,"href":"https:\/\/masterrent.pl\/index.php?rest_route=%2Fwp%2Fv2%2Fcomments&post=2"}],"version-history":[{"count":25,"href":"https:\/\/masterrent.pl\/index.php?rest_route=\/wp\/v2\/pages\/2\/revisions"}],"predecessor-version":[{"id":396,"href":"https:\/\/masterrent.pl\/index.php?rest_route=\/wp\/v2\/pages\/2\/revisions\/396"}],"wp:attachment":[{"href":"https:\/\/masterrent.pl\/index.php?rest_route=%2Fwp%2Fv2%2Fmedia&parent=2"}],"curies":[{"name":"wp","href":"https:\/\/api.w.org\/{rel}","templated":true}]}}