{"id":78,"date":"2019-11-11T12:51:48","date_gmt":"2019-11-11T11:51:48","guid":{"rendered":"http:\/\/masterrent.pl\/?page_id=78"},"modified":"2022-04-05T14:59:22","modified_gmt":"2022-04-05T12:59:22","slug":"osuszacze","status":"publish","type":"page","link":"https:\/\/masterrent.pl\/?page_id=78","title":{"rendered":"Osuszacze"},"content":{"rendered":"\t\t<div data-elementor-type=\"wp-page\" data-elementor-id=\"78\" class=\"elementor elementor-78\">\n\t\t\t\t\t\t<div class=\"elementor-inner\">\n\t\t\t\t<div class=\"elementor-section-wrap\">\n\t\t\t\t\t\t\t\t\t<section class=\"elementor-section elementor-top-section elementor-element elementor-element-6011299 elementor-section-boxed elementor-section-height-default elementor-section-height-default\" data-id=\"6011299\" data-element_type=\"section\">\n\t\t\t\t\t\t<div class=\"elementor-container elementor-column-gap-default\">\n\t\t\t\t\t\t\t<div class=\"elementor-row\">\n\t\t\t\t\t<div class=\"elementor-column elementor-col-100 elementor-top-column elementor-element elementor-element-d29dd19\" data-id=\"d29dd19\" data-element_type=\"column\">\n\t\t\t<div class=\"elementor-column-wrap elementor-element-populated\">\n\t\t\t\t\t\t\t<div class=\"elementor-widget-wrap\">\n\t\t\t\t\t\t<div class=\"elementor-element elementor-element-7e62eb1 elementor-position-left elementor-vertical-align-top elementor-widget elementor-widget-image-box\" data-id=\"7e62eb1\" data-element_type=\"widget\" data-widget_type=\"image-box.default\">\n\t\t\t\t<div class=\"elementor-widget-container\">\n\t\t\t<div class=\"elementor-image-box-wrapper\"><figure class=\"elementor-image-box-img\"><img width=\"450\" height=\"450\" src=\"https:\/\/masterrent.pl\/wp-content\/uploads\/2019\/11\/dh44.jpg\" class=\"attachment-full size-full\" alt=\"\" loading=\"lazy\" \/><\/figure><div class=\"elementor-image-box-content\"><h3 class=\"elementor-image-box-title\">Master DH 44<\/h3><p class=\"elementor-image-box-description\">Wydajno\u015b\u0107 osuszania 41 [l\/24h] Przep\u0142yw powietrza 480 [m\u00b3\/h] Pob\u00f3r mocy 0,78 [kW] Zalecany do kubatury 615 [m\u00b3]\nUsuwanie skutk\u00f3w powodzi 246 [m\u00b3] Poziom ha\u0142asu maksymalny 53 [dB(A)] Zakres pracy temperatury 3-35 [\u00b0C] Zakres pracy wilgotno\u015b\u0107 35-99 [%RH] Pojemno\u015b\u0107 zbiornika 11 [l]\nNapi\u0119cie 230 [V]<\/p><\/div><\/div>\t\t<\/div>\n\t\t\t\t<\/div>\n\t\t\t\t<div class=\"elementor-element elementor-element-9bed819 elementor-widget elementor-widget-image\" data-id=\"9bed819\" data-element_type=\"widget\" data-widget_type=\"image.default\">\n\t\t\t\t<div class=\"elementor-widget-container\">\n\t\t\t\t\t\t\t\t<div class=\"elementor-image\">\n\t\t\t\t\t\t\t\t\t\t\t\t<img width=\"387\" height=\"81\" src=\"https:\/\/masterrent.pl\/wp-content\/uploads\/2022\/04\/dh44.png\" class=\"attachment-large size-large\" alt=\"\" loading=\"lazy\" srcset=\"https:\/\/masterrent.pl\/wp-content\/uploads\/2022\/04\/dh44.png 387w, https:\/\/masterrent.pl\/wp-content\/uploads\/2022\/04\/dh44-300x63.png 300w\" sizes=\"(max-width: 387px) 85vw, 387px\" \/>\t\t\t\t\t\t\t\t\t\t\t\t\t\t<\/div>\n\t\t\t\t\t\t<\/div>\n\t\t\t\t<\/div>\n\t\t\t\t\t\t<\/div>\n\t\t\t\t\t<\/div>\n\t\t<\/div>\n\t\t\t\t\t\t\t\t<\/div>\n\t\t\t\t\t<\/div>\n\t\t<\/section>\n\t\t\t\t<section class=\"elementor-section elementor-top-section elementor-element elementor-element-b13d1e3 elementor-section-boxed elementor-section-height-default elementor-section-height-default\" data-id=\"b13d1e3\" data-element_type=\"section\">\n\t\t\t\t\t\t<div class=\"elementor-container elementor-column-gap-default\">\n\t\t\t\t\t\t\t<div class=\"elementor-row\">\n\t\t\t\t\t<div class=\"elementor-column elementor-col-100 elementor-top-column elementor-element elementor-element-8a739d1\" data-id=\"8a739d1\" data-element_type=\"column\">\n\t\t\t<div class=\"elementor-column-wrap elementor-element-populated\">\n\t\t\t\t\t\t\t<div class=\"elementor-widget-wrap\">\n\t\t\t\t\t\t<div class=\"elementor-element elementor-element-ac1c013 elementor-position-left elementor-vertical-align-top elementor-widget elementor-widget-image-box\" data-id=\"ac1c013\" data-element_type=\"widget\" data-widget_type=\"image-box.default\">\n\t\t\t\t<div class=\"elementor-widget-container\">\n\t\t\t<div class=\"elementor-image-box-wrapper\"><figure class=\"elementor-image-box-img\"><img width=\"825\" height=\"660\" src=\"https:\/\/masterrent.pl\/wp-content\/uploads\/2019\/11\/Osuszacz-powietrza-Master-DHP-65.png\" class=\"attachment-full size-full\" alt=\"\" loading=\"lazy\" \/><\/figure><div class=\"elementor-image-box-content\"><h3 class=\"elementor-image-box-title\">Master DHP 65<\/h3><p class=\"elementor-image-box-description\">Wydajno\u015b\u0107 osuszania 56 [l\/24h]\nPrzep\u0142yw powietrza 500 [m\u00b3\/h]\nPob\u00f3r mocy 0,78 [kW]\nZalecany do kubatury 840 [m\u00b3]\nUsuwanie skutk\u00f3w powodzi 336 [m\u00b3]\nPoziom ha\u0142asu maksymalny 53 [dB(A)]\nZakres pracy temperatury 3-35 [\u00b0C]\nZakres pracy wilgotno\u015b\u0107 38-99 [%RH]\nPojemno\u015b\u0107 zbiornika 10,5 [l]\nNapi\u0119cie 230 [V]<\/p><\/div><\/div>\t\t<\/div>\n\t\t\t\t<\/div>\n\t\t\t\t<div class=\"elementor-element elementor-element-6953d86 elementor-widget elementor-widget-image\" data-id=\"6953d86\" data-element_type=\"widget\" data-widget_type=\"image.default\">\n\t\t\t\t<div class=\"elementor-widget-container\">\n\t\t\t\t\t\t\t\t<div class=\"elementor-image\">\n\t\t\t\t\t\t\t\t\t\t\t\t<img width=\"386\" height=\"81\" src=\"https:\/\/masterrent.pl\/wp-content\/uploads\/2022\/04\/dhp65.png\" class=\"attachment-large size-large\" alt=\"\" loading=\"lazy\" srcset=\"https:\/\/masterrent.pl\/wp-content\/uploads\/2022\/04\/dhp65.png 386w, https:\/\/masterrent.pl\/wp-content\/uploads\/2022\/04\/dhp65-300x63.png 300w\" sizes=\"(max-width: 386px) 85vw, 386px\" \/>\t\t\t\t\t\t\t\t\t\t\t\t\t\t<\/div>\n\t\t\t\t\t\t<\/div>\n\t\t\t\t<\/div>\n\t\t\t\t\t\t<\/div>\n\t\t\t\t\t<\/div>\n\t\t<\/div>\n\t\t\t\t\t\t\t\t<\/div>\n\t\t\t\t\t<\/div>\n\t\t<\/section>\n\t\t\t\t<section class=\"elementor-section elementor-top-section elementor-element elementor-element-4c1dec6 elementor-section-boxed elementor-section-height-default elementor-section-height-default\" data-id=\"4c1dec6\" data-element_type=\"section\">\n\t\t\t\t\t\t<div class=\"elementor-container elementor-column-gap-default\">\n\t\t\t\t\t\t\t<div class=\"elementor-row\">\n\t\t\t\t\t<div class=\"elementor-column elementor-col-100 elementor-top-column elementor-element elementor-element-e3bd192\" data-id=\"e3bd192\" data-element_type=\"column\">\n\t\t\t<div class=\"elementor-column-wrap\">\n\t\t\t\t\t\t\t<div class=\"elementor-widget-wrap\">\n\t\t\t\t\t\t\t\t<\/div>\n\t\t\t\t\t<\/div>\n\t\t<\/div>\n\t\t\t\t\t\t\t\t<\/div>\n\t\t\t\t\t<\/div>\n\t\t<\/section>\n\t\t\t\t<section class=\"elementor-section elementor-top-section elementor-element elementor-element-6a1e7c6 elementor-section-boxed elementor-section-height-default elementor-section-height-default\" data-id=\"6a1e7c6\" data-element_type=\"section\">\n\t\t\t\t\t\t<div class=\"elementor-container elementor-column-gap-default\">\n\t\t\t\t\t\t\t<div class=\"elementor-row\">\n\t\t\t\t\t<div class=\"elementor-column elementor-col-100 elementor-top-column elementor-element elementor-element-2d6be17\" data-id=\"2d6be17\" data-element_type=\"column\">\n\t\t\t<div class=\"elementor-column-wrap elementor-element-populated\">\n\t\t\t\t\t\t\t<div class=\"elementor-widget-wrap\">\n\t\t\t\t\t\t<div class=\"elementor-element elementor-element-04158f9 elementor-position-left elementor-vertical-align-top elementor-widget elementor-widget-image-box\" data-id=\"04158f9\" data-element_type=\"widget\" data-widget_type=\"image-box.default\">\n\t\t\t\t<div class=\"elementor-widget-container\">\n\t\t\t<div class=\"elementor-image-box-wrapper\"><figure class=\"elementor-image-box-img\"><img width=\"450\" height=\"450\" src=\"https:\/\/masterrent.pl\/wp-content\/uploads\/2019\/11\/dh44.jpg\" class=\"attachment-full size-full\" alt=\"\" loading=\"lazy\" \/><\/figure><div class=\"elementor-image-box-content\"><h3 class=\"elementor-image-box-title\">Master DH 92<\/h3><p class=\"elementor-image-box-description\">Wydajno\u015b\u0107 osuszania 80 [l\/24h] Przep\u0142yw powietrza 1000 [m\u00b3\/h] \nPob\u00f3r mocy 1,6 [kW]\nZalecany do kubatury 1200 [m\u00b3]\nUsuwanie skutk\u00f3w powodzi 480 [m\u00b3]\nPoziom ha\u0142asu maksymalny 50 [dB(A)]\nZakres pracy temperatury 3-35 [\u00b0C]\nZakres pracy wilgotno\u015b\u0107 35-99[%RH]\nPojemno\u015b\u0107 zbiornika 11 [l] Napi\u0119cie 230 [V]<\/p><\/div><\/div>\t\t<\/div>\n\t\t\t\t<\/div>\n\t\t\t\t<div class=\"elementor-element elementor-element-d498170 elementor-widget elementor-widget-image\" data-id=\"d498170\" data-element_type=\"widget\" data-widget_type=\"image.default\">\n\t\t\t\t<div class=\"elementor-widget-container\">\n\t\t\t\t\t\t\t\t<div class=\"elementor-image\">\n\t\t\t\t\t\t\t\t\t\t\t\t<img width=\"387\" height=\"82\" src=\"https:\/\/masterrent.pl\/wp-content\/uploads\/2022\/04\/dh92.png\" class=\"attachment-large size-large\" alt=\"\" loading=\"lazy\" srcset=\"https:\/\/masterrent.pl\/wp-content\/uploads\/2022\/04\/dh92.png 387w, https:\/\/masterrent.pl\/wp-content\/uploads\/2022\/04\/dh92-300x64.png 300w\" sizes=\"(max-width: 387px) 85vw, 387px\" \/>\t\t\t\t\t\t\t\t\t\t\t\t\t\t<\/div>\n\t\t\t\t\t\t<\/div>\n\t\t\t\t<\/div>\n\t\t\t\t\t\t<\/div>\n\t\t\t\t\t<\/div>\n\t\t<\/div>\n\t\t\t\t\t\t\t\t<\/div>\n\t\t\t\t\t<\/div>\n\t\t<\/section>\n\t\t\t\t<section class=\"elementor-section elementor-top-section elementor-element elementor-element-efc5600 elementor-section-boxed elementor-section-height-default elementor-section-height-default\" data-id=\"efc5600\" data-element_type=\"section\">\n\t\t\t\t\t\t<div class=\"elementor-container elementor-column-gap-default\">\n\t\t\t\t\t\t\t<div class=\"elementor-row\">\n\t\t\t\t\t<div class=\"elementor-column elementor-col-100 elementor-top-column elementor-element elementor-element-b3a0433\" data-id=\"b3a0433\" data-element_type=\"column\">\n\t\t\t<div class=\"elementor-column-wrap elementor-element-populated\">\n\t\t\t\t\t\t\t<div class=\"elementor-widget-wrap\">\n\t\t\t\t\t\t<div class=\"elementor-element elementor-element-67582d8 elementor-widget elementor-widget-spacer\" data-id=\"67582d8\" data-element_type=\"widget\" data-widget_type=\"spacer.default\">\n\t\t\t\t<div class=\"elementor-widget-container\">\n\t\t\t\t\t<div class=\"elementor-spacer\">\n\t\t\t<div class=\"elementor-spacer-inner\"><\/div>\n\t\t<\/div>\n\t\t\t\t<\/div>\n\t\t\t\t<\/div>\n\t\t\t\t\t\t<\/div>\n\t\t\t\t\t<\/div>\n\t\t<\/div>\n\t\t\t\t\t\t\t\t<\/div>\n\t\t\t\t\t<\/div>\n\t\t<\/section>\n\t\t\t\t<section class=\"elementor-section elementor-top-section elementor-element elementor-element-16ae6be elementor-section-boxed elementor-section-height-default elementor-section-height-default\" data-id=\"16ae6be\" data-element_type=\"section\">\n\t\t\t\t\t\t<div class=\"elementor-container elementor-column-gap-default\">\n\t\t\t\t\t\t\t<div class=\"elementor-row\">\n\t\t\t\t\t<div class=\"elementor-column elementor-col-100 elementor-top-column elementor-element elementor-element-07df88f\" data-id=\"07df88f\" data-element_type=\"column\">\n\t\t\t<div class=\"elementor-column-wrap elementor-element-populated\">\n\t\t\t\t\t\t\t<div class=\"elementor-widget-wrap\">\n\t\t\t\t\t\t<div class=\"elementor-element elementor-element-c35ab72 elementor-align-right elementor-widget elementor-widget-button\" data-id=\"c35ab72\" data-element_type=\"widget\" data-widget_type=\"button.default\">\n\t\t\t\t<div class=\"elementor-widget-container\">\n\t\t\t\t\t<div class=\"elementor-button-wrapper\">\n\t\t\t<a href=\"https:\/\/masterrent.pl\/?page_id=31\" class=\"elementor-button-link elementor-button elementor-size-sm\" role=\"button\">\n\t\t\t\t\t\t<span class=\"elementor-button-content-wrapper\">\n\t\t\t\t\t\t<span class=\"elementor-button-text\">Powr\u00f3t<\/span>\n\t\t<\/span>\n\t\t\t\t\t<\/a>\n\t\t<\/div>\n\t\t\t\t<\/div>\n\t\t\t\t<\/div>\n\t\t\t\t\t\t<\/div>\n\t\t\t\t\t<\/div>\n\t\t<\/div>\n\t\t\t\t\t\t\t\t<\/div>\n\t\t\t\t\t<\/div>\n\t\t<\/section>\n\t\t\t\t\t\t\t\t\t<\/div>\n\t\t\t<\/div>\n\t\t\t\t\t<\/div>\n\t\t","protected":false},"excerpt":{"rendered":"<p>Master DH 44 Wydajno\u015b\u0107 osuszania 41 [l\/24h] Przep\u0142yw powietrza 480 [m\u00b3\/h] Pob\u00f3r mocy 0,78 [kW] Zalecany do kubatury 615 [m\u00b3] Usuwanie skutk\u00f3w powodzi 246 [m\u00b3] Poziom ha\u0142asu maksymalny 53 [dB(A)] Zakres pracy temperatury 3-35 [\u00b0C] Zakres pracy wilgotno\u015b\u0107 35-99 [%RH] Pojemno\u015b\u0107 zbiornika 11 [l] Napi\u0119cie 230 [V] Master DHP 65 Wydajno\u015b\u0107 osuszania 56 [l\/24h] Przep\u0142yw &hellip; <a href=\"https:\/\/masterrent.pl\/?page_id=78\" class=\"more-link\">Czytaj dalej<span class=\"screen-reader-text\"> \u201eOsuszacze\u201d<\/span><\/a><\/p>\n","protected":false},"author":1,"featured_media":0,"parent":0,"menu_order":0,"comment_status":"closed","ping_status":"closed","template":"","meta":[],"_links":{"self":[{"href":"https:\/\/masterrent.pl\/index.php?rest_route=\/wp\/v2\/pages\/78"}],"collection":[{"href":"https:\/\/masterrent.pl\/index.php?rest_route=\/wp\/v2\/pages"}],"about":[{"href":"https:\/\/masterrent.pl\/index.php?rest_route=\/wp\/v2\/types\/page"}],"author":[{"embeddable":true,"href":"https:\/\/masterrent.pl\/index.php?rest_route=\/wp\/v2\/users\/1"}],"replies":[{"embeddable":true,"href":"https:\/\/masterrent.pl\/index.php?rest_route=%2Fwp%2Fv2%2Fcomments&post=78"}],"version-history":[{"count":12,"href":"https:\/\/masterrent.pl\/index.php?rest_route=\/wp\/v2\/pages\/78\/revisions"}],"predecessor-version":[{"id":347,"href":"https:\/\/masterrent.pl\/index.php?rest_route=\/wp\/v2\/pages\/78\/revisions\/347"}],"wp:attachment":[{"href":"https:\/\/masterrent.pl\/index.php?rest_route=%2Fwp%2Fv2%2Fmedia&parent=78"}],"curies":[{"name":"wp","href":"https:\/\/api.w.org\/{rel}","templated":true}]}}