{"id":80,"date":"2019-11-11T12:52:02","date_gmt":"2019-11-11T11:52:02","guid":{"rendered":"http:\/\/masterrent.pl\/?page_id=80"},"modified":"2022-04-05T15:12:49","modified_gmt":"2022-04-05T13:12:49","slug":"rusztowania","status":"publish","type":"page","link":"https:\/\/masterrent.pl\/?page_id=80","title":{"rendered":"Rusztowania"},"content":{"rendered":"\t\t<div data-elementor-type=\"wp-page\" data-elementor-id=\"80\" class=\"elementor elementor-80\">\n\t\t\t\t\t\t<div class=\"elementor-inner\">\n\t\t\t\t<div class=\"elementor-section-wrap\">\n\t\t\t\t\t\t\t\t\t<section class=\"elementor-section elementor-top-section elementor-element elementor-element-b17a9bf elementor-section-boxed elementor-section-height-default elementor-section-height-default\" data-id=\"b17a9bf\" data-element_type=\"section\">\n\t\t\t\t\t\t<div class=\"elementor-container elementor-column-gap-default\">\n\t\t\t\t\t\t\t<div class=\"elementor-row\">\n\t\t\t\t\t<div class=\"elementor-column elementor-col-100 elementor-top-column elementor-element elementor-element-31781da\" data-id=\"31781da\" data-element_type=\"column\">\n\t\t\t<div class=\"elementor-column-wrap elementor-element-populated\">\n\t\t\t\t\t\t\t<div class=\"elementor-widget-wrap\">\n\t\t\t\t\t\t<div class=\"elementor-element elementor-element-870315f elementor-widget elementor-widget-text-editor\" data-id=\"870315f\" data-element_type=\"widget\" data-widget_type=\"text-editor.default\">\n\t\t\t\t<div class=\"elementor-widget-container\">\n\t\t\t\t\t\t\t\t<div class=\"elementor-text-editor elementor-clearfix\">\n\t\t\t\t<p>Oferujemy Pa\u0144stwu wynajem aluminiowych rusztowa\u0144 przejezdnych od 2 m do 14 m wysoko\u015bci roboczej. Szeroki wyb\u00f3r zapewni mo\u017cliwo\u015b\u0107 odpowiedniego doboru rusztowania do rodzaju i miejsca pracy na zewn\u0105trz jak i w pomieszczeniu. Nasze rusztowania s\u0105 lekkie i jednocze\u015bnie wytrzyma\u0142e oraz odporne na zniszczenia. \u0141atwe w transporcie i przechowywaniu. A b\u0142yskawiczny monta\u017c i demonta\u017c zaoszcz\u0119dzi du\u017co czasu. Dzi\u0119ki wyposa\u017ceniu rusztowania w ko\u0142a zyskujemy mo\u017cliwo\u015b\u0107\u00a0 przesuni\u0119cia rusztowania w kolejne miejsce robocze za\u015b hamulce i podpory zabezpiecz\u0105 prac\u0119 na wysoko\u015bci. Do ka\u017cdego rusztowania do\u0142\u0105czamy Instrukcj\u0119 monta\u017cu i u\u017cytkowania oraz aktualny certyfikat. Oferujemy r\u00f3wnie\u017c us\u0142ugi dodatkowe takie jak transport, monta\u017c oraz odbi\u00f3r techniczny dokonywany przez pracownik\u00f3w posiadaj\u0105cych uprawnia monta\u017cysty rusztowa\u0144.<\/p>\t\t\t\t\t<\/div>\n\t\t\t\t\t\t<\/div>\n\t\t\t\t<\/div>\n\t\t\t\t<div class=\"elementor-element elementor-element-d4d11b6 elementor-widget elementor-widget-spacer\" data-id=\"d4d11b6\" data-element_type=\"widget\" data-widget_type=\"spacer.default\">\n\t\t\t\t<div class=\"elementor-widget-container\">\n\t\t\t\t\t<div class=\"elementor-spacer\">\n\t\t\t<div class=\"elementor-spacer-inner\"><\/div>\n\t\t<\/div>\n\t\t\t\t<\/div>\n\t\t\t\t<\/div>\n\t\t\t\t\t\t<\/div>\n\t\t\t\t\t<\/div>\n\t\t<\/div>\n\t\t\t\t\t\t\t\t<\/div>\n\t\t\t\t\t<\/div>\n\t\t<\/section>\n\t\t\t\t<section class=\"elementor-section elementor-top-section elementor-element elementor-element-9301f68 elementor-section-boxed elementor-section-height-default elementor-section-height-default\" data-id=\"9301f68\" data-element_type=\"section\">\n\t\t\t\t\t\t<div class=\"elementor-container elementor-column-gap-default\">\n\t\t\t\t\t\t\t<div class=\"elementor-row\">\n\t\t\t\t\t<div class=\"elementor-column elementor-col-100 elementor-top-column elementor-element elementor-element-c4ca82c\" data-id=\"c4ca82c\" data-element_type=\"column\">\n\t\t\t<div class=\"elementor-column-wrap elementor-element-populated\">\n\t\t\t\t\t\t\t<div class=\"elementor-widget-wrap\">\n\t\t\t\t\t\t<div class=\"elementor-element elementor-element-f85ce9b elementor-widget elementor-widget-heading\" data-id=\"f85ce9b\" data-element_type=\"widget\" data-widget_type=\"heading.default\">\n\t\t\t\t<div class=\"elementor-widget-container\">\n\t\t\t<h2 class=\"elementor-heading-title elementor-size-default\">Rusztowanie typu SNAPPY (0,75 x 2,0 m)<\/h2>\t\t<\/div>\n\t\t\t\t<\/div>\n\t\t\t\t\t\t<\/div>\n\t\t\t\t\t<\/div>\n\t\t<\/div>\n\t\t\t\t\t\t\t\t<\/div>\n\t\t\t\t\t<\/div>\n\t\t<\/section>\n\t\t\t\t<section class=\"elementor-section elementor-top-section elementor-element elementor-element-66c4110 elementor-section-boxed elementor-section-height-default elementor-section-height-default\" data-id=\"66c4110\" data-element_type=\"section\">\n\t\t\t\t\t\t<div class=\"elementor-container elementor-column-gap-default\">\n\t\t\t\t\t\t\t<div class=\"elementor-row\">\n\t\t\t\t\t<div class=\"elementor-column elementor-col-100 elementor-top-column elementor-element elementor-element-0b99b28\" data-id=\"0b99b28\" data-element_type=\"column\">\n\t\t\t<div class=\"elementor-column-wrap elementor-element-populated\">\n\t\t\t\t\t\t\t<div class=\"elementor-widget-wrap\">\n\t\t\t\t\t\t<div class=\"elementor-element elementor-element-24c7d33 elementor-position-left elementor-vertical-align-middle elementor-widget elementor-widget-image-box\" data-id=\"24c7d33\" data-element_type=\"widget\" data-widget_type=\"image-box.default\">\n\t\t\t\t<div class=\"elementor-widget-container\">\n\t\t\t<div class=\"elementor-image-box-wrapper\"><figure class=\"elementor-image-box-img\"><img width=\"658\" height=\"1005\" src=\"https:\/\/masterrent.pl\/wp-content\/uploads\/2019\/11\/rusztowanie-snappie.jpg\" class=\"attachment-full size-full\" alt=\"\" loading=\"lazy\" \/><\/figure><div class=\"elementor-image-box-content\"><p class=\"elementor-image-box-description\">Rusztowanie SNAPPY mo\u017cna rozstawi\u0107 w kilka sekund i jest od razu gotowe do u\u017cytku. System ten mo\u017cna rozbudowa\u0107 do wysoko\u015bci roboczej 6 metr\u00f3w. Idealnie nadaje si\u0119 do prac malarskich, monta\u017cowych, murarskich.\n<\/p><\/div><\/div>\t\t<\/div>\n\t\t\t\t<\/div>\n\t\t\t\t\t\t<\/div>\n\t\t\t\t\t<\/div>\n\t\t<\/div>\n\t\t\t\t\t\t\t\t<\/div>\n\t\t\t\t\t<\/div>\n\t\t<\/section>\n\t\t\t\t<section class=\"elementor-section elementor-top-section elementor-element elementor-element-6fd282d elementor-section-boxed elementor-section-height-default elementor-section-height-default\" data-id=\"6fd282d\" data-element_type=\"section\">\n\t\t\t\t\t\t<div class=\"elementor-container elementor-column-gap-default\">\n\t\t\t\t\t\t\t<div class=\"elementor-row\">\n\t\t\t\t\t<div class=\"elementor-column elementor-col-100 elementor-top-column elementor-element elementor-element-01e8138\" data-id=\"01e8138\" data-element_type=\"column\">\n\t\t\t<div class=\"elementor-column-wrap elementor-element-populated\">\n\t\t\t\t\t\t\t<div class=\"elementor-widget-wrap\">\n\t\t\t\t\t\t<div class=\"elementor-element elementor-element-df4eb4a elementor-widget elementor-widget-spacer\" data-id=\"df4eb4a\" data-element_type=\"widget\" data-widget_type=\"spacer.default\">\n\t\t\t\t<div class=\"elementor-widget-container\">\n\t\t\t\t\t<div class=\"elementor-spacer\">\n\t\t\t<div class=\"elementor-spacer-inner\"><\/div>\n\t\t<\/div>\n\t\t\t\t<\/div>\n\t\t\t\t<\/div>\n\t\t\t\t<div class=\"elementor-element elementor-element-252cd07 elementor-widget elementor-widget-heading\" data-id=\"252cd07\" data-element_type=\"widget\" data-widget_type=\"heading.default\">\n\t\t\t\t<div class=\"elementor-widget-container\">\n\t\t\t<h2 class=\"elementor-heading-title elementor-size-default\">Rusztowanie SPAN 300N w\u0105skie(0,75 x 2,5m)<\/h2>\t\t<\/div>\n\t\t\t\t<\/div>\n\t\t\t\t\t\t<\/div>\n\t\t\t\t\t<\/div>\n\t\t<\/div>\n\t\t\t\t\t\t\t\t<\/div>\n\t\t\t\t\t<\/div>\n\t\t<\/section>\n\t\t\t\t<section class=\"elementor-section elementor-top-section elementor-element elementor-element-725918f elementor-section-boxed elementor-section-height-default elementor-section-height-default\" data-id=\"725918f\" data-element_type=\"section\">\n\t\t\t\t\t\t<div class=\"elementor-container elementor-column-gap-default\">\n\t\t\t\t\t\t\t<div class=\"elementor-row\">\n\t\t\t\t\t<div class=\"elementor-column elementor-col-100 elementor-top-column elementor-element elementor-element-9dd75f4\" data-id=\"9dd75f4\" data-element_type=\"column\">\n\t\t\t<div class=\"elementor-column-wrap elementor-element-populated\">\n\t\t\t\t\t\t\t<div class=\"elementor-widget-wrap\">\n\t\t\t\t\t\t<div class=\"elementor-element elementor-element-b3be697 elementor-position-left elementor-vertical-align-middle elementor-widget elementor-widget-image-box\" data-id=\"b3be697\" data-element_type=\"widget\" data-widget_type=\"image-box.default\">\n\t\t\t\t<div class=\"elementor-widget-container\">\n\t\t\t<div class=\"elementor-image-box-wrapper\"><figure class=\"elementor-image-box-img\"><img width=\"481\" height=\"600\" src=\"https:\/\/masterrent.pl\/wp-content\/uploads\/2019\/11\/snappy3.jpg\" class=\"attachment-full size-full\" alt=\"\" loading=\"lazy\" \/><\/figure><div class=\"elementor-image-box-content\"><p class=\"elementor-image-box-description\">SPAN 300 N to system mobilnych, wie\u017cowych rusztowa\u0144 aluminiowych, do szybkiego monta\u017cu i demonta\u017cu. Wie\u017ce o szeroko\u015bci 0,75m x 2,5m. Maksymalne obci\u0105\u017cenie wie\u017cy to 720kg, maksymalne obci\u0105\u017cenie poziomu to 360kg. III klasa ud\u017awigu zgodne z norm\u0105 EN 1004. Maksymalna wysoko\u015b\u0107 wie\u017cy wolnostoj\u0105cej 10 m roboczych.\n<\/p><\/div><\/div>\t\t<\/div>\n\t\t\t\t<\/div>\n\t\t\t\t\t\t<\/div>\n\t\t\t\t\t<\/div>\n\t\t<\/div>\n\t\t\t\t\t\t\t\t<\/div>\n\t\t\t\t\t<\/div>\n\t\t<\/section>\n\t\t\t\t<section class=\"elementor-section elementor-top-section elementor-element elementor-element-0fa381e elementor-section-boxed elementor-section-height-default elementor-section-height-default\" data-id=\"0fa381e\" data-element_type=\"section\">\n\t\t\t\t\t\t<div class=\"elementor-container elementor-column-gap-default\">\n\t\t\t\t\t\t\t<div class=\"elementor-row\">\n\t\t\t\t\t<div class=\"elementor-column elementor-col-100 elementor-top-column elementor-element elementor-element-8d70075\" data-id=\"8d70075\" data-element_type=\"column\">\n\t\t\t<div class=\"elementor-column-wrap elementor-element-populated\">\n\t\t\t\t\t\t\t<div class=\"elementor-widget-wrap\">\n\t\t\t\t\t\t<div class=\"elementor-element elementor-element-9b20855 elementor-widget elementor-widget-spacer\" data-id=\"9b20855\" data-element_type=\"widget\" data-widget_type=\"spacer.default\">\n\t\t\t\t<div class=\"elementor-widget-container\">\n\t\t\t\t\t<div class=\"elementor-spacer\">\n\t\t\t<div class=\"elementor-spacer-inner\"><\/div>\n\t\t<\/div>\n\t\t\t\t<\/div>\n\t\t\t\t<\/div>\n\t\t\t\t<div class=\"elementor-element elementor-element-a6b0e0d elementor-widget elementor-widget-heading\" data-id=\"a6b0e0d\" data-element_type=\"widget\" data-widget_type=\"heading.default\">\n\t\t\t\t<div class=\"elementor-widget-container\">\n\t\t\t<h2 class=\"elementor-heading-title elementor-size-default\">Rusztowania SPAN 300W szerokie (1,35m x 2,5m)<\/h2>\t\t<\/div>\n\t\t\t\t<\/div>\n\t\t\t\t\t\t<\/div>\n\t\t\t\t\t<\/div>\n\t\t<\/div>\n\t\t\t\t\t\t\t\t<\/div>\n\t\t\t\t\t<\/div>\n\t\t<\/section>\n\t\t\t\t<section class=\"elementor-section elementor-top-section elementor-element elementor-element-5082c78 elementor-section-boxed elementor-section-height-default elementor-section-height-default\" data-id=\"5082c78\" data-element_type=\"section\">\n\t\t\t\t\t\t<div class=\"elementor-container elementor-column-gap-default\">\n\t\t\t\t\t\t\t<div class=\"elementor-row\">\n\t\t\t\t\t<div class=\"elementor-column elementor-col-100 elementor-top-column elementor-element elementor-element-47c6fcf\" data-id=\"47c6fcf\" data-element_type=\"column\">\n\t\t\t<div class=\"elementor-column-wrap elementor-element-populated\">\n\t\t\t\t\t\t\t<div class=\"elementor-widget-wrap\">\n\t\t\t\t\t\t<div class=\"elementor-element elementor-element-1e5cc6a elementor-position-left elementor-vertical-align-middle elementor-widget elementor-widget-image-box\" data-id=\"1e5cc6a\" data-element_type=\"widget\" data-widget_type=\"image-box.default\">\n\t\t\t\t<div class=\"elementor-widget-container\">\n\t\t\t<div class=\"elementor-image-box-wrapper\"><figure class=\"elementor-image-box-img\"><img width=\"3120\" height=\"4160\" src=\"https:\/\/masterrent.pl\/wp-content\/uploads\/2019\/11\/IMG_20181020_140705.jpg\" class=\"attachment-full size-full\" alt=\"\" loading=\"lazy\" \/><\/figure><div class=\"elementor-image-box-content\"><p class=\"elementor-image-box-description\">Rusztowanie typu SPAN 300W jest wielofunkcyjne, o wysokim stopniu wytrzyma\u0142o\u015bci i niewielkiej masie. SPAN 300 W z szeroko\u015bci\u0105 1,35 m pozwala na dotarcie na wi\u0119ksze wysoko\u015bci z zastosowaniem przestronej platformy. Maksymalne obci\u0105\u017cenie wie\u017cy to 720kg, maksymalne obci\u0105\u017cenie poziomu to 360kg. Maksymalna wysoko\u015b\u0107 robocza wie\u017cy wolnostoj\u0105cej to 14 m wewn\u0105trz budynku, 10 m na zewn\u0105trz wystawionej na dzia\u0142anie wiatru. Zastosowanie standardowych element\u00f3w pozwala na wznoszenie wie\u017c do 30 m.<\/p><\/div><\/div>\t\t<\/div>\n\t\t\t\t<\/div>\n\t\t\t\t\t\t<\/div>\n\t\t\t\t\t<\/div>\n\t\t<\/div>\n\t\t\t\t\t\t\t\t<\/div>\n\t\t\t\t\t<\/div>\n\t\t<\/section>\n\t\t\t\t<section class=\"elementor-section elementor-top-section elementor-element elementor-element-dd24792 elementor-section-boxed elementor-section-height-default elementor-section-height-default\" data-id=\"dd24792\" data-element_type=\"section\">\n\t\t\t\t\t\t<div class=\"elementor-container elementor-column-gap-default\">\n\t\t\t\t\t\t\t<div class=\"elementor-row\">\n\t\t\t\t\t<div class=\"elementor-column elementor-col-100 elementor-top-column elementor-element elementor-element-0b75fee\" data-id=\"0b75fee\" data-element_type=\"column\">\n\t\t\t<div class=\"elementor-column-wrap elementor-element-populated\">\n\t\t\t\t\t\t\t<div class=\"elementor-widget-wrap\">\n\t\t\t\t\t\t<div class=\"elementor-element elementor-element-bc79433 elementor-widget elementor-widget-heading\" data-id=\"bc79433\" data-element_type=\"widget\" data-widget_type=\"heading.default\">\n\t\t\t\t<div class=\"elementor-widget-container\">\n\t\t\t<h2 class=\"elementor-heading-title elementor-size-default\">Cennik wynajmu<\/h2>\t\t<\/div>\n\t\t\t\t<\/div>\n\t\t\t\t\t\t<\/div>\n\t\t\t\t\t<\/div>\n\t\t<\/div>\n\t\t\t\t\t\t\t\t<\/div>\n\t\t\t\t\t<\/div>\n\t\t<\/section>\n\t\t\t\t<section class=\"elementor-section elementor-top-section elementor-element elementor-element-5fe8e31 elementor-section-boxed elementor-section-height-default elementor-section-height-default\" data-id=\"5fe8e31\" data-element_type=\"section\">\n\t\t\t\t\t\t<div class=\"elementor-container elementor-column-gap-default\">\n\t\t\t\t\t\t\t<div class=\"elementor-row\">\n\t\t\t\t\t<div class=\"elementor-column elementor-col-100 elementor-top-column elementor-element elementor-element-7c26c74\" data-id=\"7c26c74\" data-element_type=\"column\">\n\t\t\t<div class=\"elementor-column-wrap elementor-element-populated\">\n\t\t\t\t\t\t\t<div class=\"elementor-widget-wrap\">\n\t\t\t\t\t\t<div class=\"elementor-element elementor-element-6969318 elementor-widget elementor-widget-image\" data-id=\"6969318\" data-element_type=\"widget\" data-widget_type=\"image.default\">\n\t\t\t\t<div class=\"elementor-widget-container\">\n\t\t\t\t\t\t\t\t<div class=\"elementor-image\">\n\t\t\t\t\t\t\t\t\t\t\t\t<img width=\"677\" height=\"397\" src=\"https:\/\/masterrent.pl\/wp-content\/uploads\/2022\/04\/rusztowania.png\" class=\"attachment-large size-large\" alt=\"\" loading=\"lazy\" srcset=\"https:\/\/masterrent.pl\/wp-content\/uploads\/2022\/04\/rusztowania.png 677w, https:\/\/masterrent.pl\/wp-content\/uploads\/2022\/04\/rusztowania-300x176.png 300w\" sizes=\"(max-width: 677px) 85vw, 677px\" \/>\t\t\t\t\t\t\t\t\t\t\t\t\t\t<\/div>\n\t\t\t\t\t\t<\/div>\n\t\t\t\t<\/div>\n\t\t\t\t\t\t<\/div>\n\t\t\t\t\t<\/div>\n\t\t<\/div>\n\t\t\t\t\t\t\t\t<\/div>\n\t\t\t\t\t<\/div>\n\t\t<\/section>\n\t\t\t\t<section class=\"elementor-section elementor-top-section elementor-element elementor-element-a653daf elementor-section-boxed elementor-section-height-default elementor-section-height-default\" data-id=\"a653daf\" data-element_type=\"section\">\n\t\t\t\t\t\t<div class=\"elementor-container elementor-column-gap-default\">\n\t\t\t\t\t\t\t<div class=\"elementor-row\">\n\t\t\t\t\t<div class=\"elementor-column elementor-col-100 elementor-top-column elementor-element elementor-element-a251ded\" data-id=\"a251ded\" data-element_type=\"column\">\n\t\t\t<div class=\"elementor-column-wrap elementor-element-populated\">\n\t\t\t\t\t\t\t<div class=\"elementor-widget-wrap\">\n\t\t\t\t\t\t<div class=\"elementor-element elementor-element-7c69f66 elementor-align-right elementor-widget elementor-widget-button\" data-id=\"7c69f66\" data-element_type=\"widget\" data-widget_type=\"button.default\">\n\t\t\t\t<div class=\"elementor-widget-container\">\n\t\t\t\t\t<div class=\"elementor-button-wrapper\">\n\t\t\t<a href=\"https:\/\/masterrent.pl\/?page_id=31\" class=\"elementor-button-link elementor-button elementor-size-sm\" role=\"button\">\n\t\t\t\t\t\t<span class=\"elementor-button-content-wrapper\">\n\t\t\t\t\t\t<span class=\"elementor-button-text\">Powr\u00f3t<\/span>\n\t\t<\/span>\n\t\t\t\t\t<\/a>\n\t\t<\/div>\n\t\t\t\t<\/div>\n\t\t\t\t<\/div>\n\t\t\t\t\t\t<\/div>\n\t\t\t\t\t<\/div>\n\t\t<\/div>\n\t\t\t\t\t\t\t\t<\/div>\n\t\t\t\t\t<\/div>\n\t\t<\/section>\n\t\t\t\t\t\t\t\t\t<\/div>\n\t\t\t<\/div>\n\t\t\t\t\t<\/div>\n\t\t","protected":false},"excerpt":{"rendered":"<p>Oferujemy Pa\u0144stwu wynajem aluminiowych rusztowa\u0144 przejezdnych od 2 m do 14 m wysoko\u015bci roboczej. Szeroki wyb\u00f3r zapewni mo\u017cliwo\u015b\u0107 odpowiedniego doboru rusztowania do rodzaju i miejsca pracy na zewn\u0105trz jak i w pomieszczeniu. Nasze rusztowania s\u0105 lekkie i jednocze\u015bnie wytrzyma\u0142e oraz odporne na zniszczenia. \u0141atwe w transporcie i przechowywaniu. A b\u0142yskawiczny monta\u017c i demonta\u017c zaoszcz\u0119dzi du\u017co &hellip; <a href=\"https:\/\/masterrent.pl\/?page_id=80\" class=\"more-link\">Czytaj dalej<span class=\"screen-reader-text\"> \u201eRusztowania\u201d<\/span><\/a><\/p>\n","protected":false},"author":1,"featured_media":0,"parent":0,"menu_order":0,"comment_status":"closed","ping_status":"closed","template":"","meta":[],"_links":{"self":[{"href":"https:\/\/masterrent.pl\/index.php?rest_route=\/wp\/v2\/pages\/80"}],"collection":[{"href":"https:\/\/masterrent.pl\/index.php?rest_route=\/wp\/v2\/pages"}],"about":[{"href":"https:\/\/masterrent.pl\/index.php?rest_route=\/wp\/v2\/types\/page"}],"author":[{"embeddable":true,"href":"https:\/\/masterrent.pl\/index.php?rest_route=\/wp\/v2\/users\/1"}],"replies":[{"embeddable":true,"href":"https:\/\/masterrent.pl\/index.php?rest_route=%2Fwp%2Fv2%2Fcomments&post=80"}],"version-history":[{"count":9,"href":"https:\/\/masterrent.pl\/index.php?rest_route=\/wp\/v2\/pages\/80\/revisions"}],"predecessor-version":[{"id":352,"href":"https:\/\/masterrent.pl\/index.php?rest_route=\/wp\/v2\/pages\/80\/revisions\/352"}],"wp:attachment":[{"href":"https:\/\/masterrent.pl\/index.php?rest_route=%2Fwp%2Fv2%2Fmedia&parent=80"}],"curies":[{"name":"wp","href":"https:\/\/api.w.org\/{rel}","templated":true}]}}